{"id":14,"date":"2021-06-07T07:38:46","date_gmt":"2021-06-07T07:38:46","guid":{"rendered":"https:\/\/2021.veredgo.com\/?page_id=14"},"modified":"2023-09-28T14:38:01","modified_gmt":"2023-09-28T14:38:01","slug":"home","status":"publish","type":"page","link":"https:\/\/www.veredgo.com\/es\/","title":{"rendered":"El mejor Operador Tur\u00edstico en Israel"},"content":{"rendered":"\t\t<div data-elementor-type=\"wp-page\" data-elementor-id=\"14\" class=\"elementor elementor-14\" data-elementor-post-type=\"page\">\n\t\t\t\t\t\t<section class=\"elementor-section elementor-top-section elementor-element elementor-element-2fa6b59 elementor-section-boxed elementor-section-height-default elementor-section-height-default\" data-id=\"2fa6b59\" data-element_type=\"section\">\n\t\t\t\t\t\t<div class=\"elementor-container elementor-column-gap-default\">\n\t\t\t\t\t<div class=\"elementor-column elementor-col-100 elementor-top-column elementor-element elementor-element-64caaa7\" data-id=\"64caaa7\" data-element_type=\"column\">\n\t\t\t<div class=\"elementor-widget-wrap elementor-element-populated\">\n\t\t\t\t\t\t<div class=\"elementor-element elementor-element-23fb886 elementor-hidden-desktop elementor-widget elementor-widget-spacer\" data-id=\"23fb886\" data-element_type=\"widget\" data-widget_type=\"spacer.default\">\n\t\t\t\t<div class=\"elementor-widget-container\">\n\t\t\t\t\t\t\t<div class=\"elementor-spacer\">\n\t\t\t<div class=\"elementor-spacer-inner\"><\/div>\n\t\t<\/div>\n\t\t\t\t\t\t<\/div>\n\t\t\t\t<\/div>\n\t\t\t\t\t<\/div>\n\t\t<\/div>\n\t\t\t\t\t<\/div>\n\t\t<\/section>\n\t\t\t\t<section class=\"elementor-section elementor-top-section elementor-element elementor-element-618e648f elementor-section-height-min-height elementor-section-content-middle elementor-section-full_width elementor-section-height-default elementor-section-items-middle\" data-id=\"618e648f\" data-element_type=\"section\" data-settings=\"{&quot;background_background&quot;:&quot;classic&quot;}\">\n\t\t\t\t\t\t\t<div class=\"elementor-background-overlay\"><\/div>\n\t\t\t\t\t\t\t<div class=\"elementor-container elementor-column-gap-no\">\n\t\t\t\t\t<div class=\"elementor-column elementor-col-50 elementor-top-column elementor-element elementor-element-c45377f\" data-id=\"c45377f\" data-element_type=\"column\">\n\t\t\t<div class=\"elementor-widget-wrap elementor-element-populated\">\n\t\t\t\t\t\t<div class=\"elementor-element elementor-element-6bd09815 elementor-widget elementor-widget-heading\" data-id=\"6bd09815\" data-element_type=\"widget\" data-widget_type=\"heading.default\">\n\t\t\t\t<div class=\"elementor-widget-container\">\n\t\t\t\t\t<h1 class=\"elementor-heading-title elementor-size-default\">Ven a sentir <br>\nLa tierra<br>\nCon Nosotros<\/h1>\t\t\t\t<\/div>\n\t\t\t\t<\/div>\n\t\t\t\t\t<\/div>\n\t\t<\/div>\n\t\t\t\t<div class=\"elementor-column elementor-col-50 elementor-top-column elementor-element elementor-element-496df69\" data-id=\"496df69\" data-element_type=\"column\">\n\t\t\t<div class=\"elementor-widget-wrap\">\n\t\t\t\t\t\t\t<\/div>\n\t\t<\/div>\n\t\t\t\t\t<\/div>\n\t\t<\/section>\n\t\t\t\t<section class=\"elementor-section elementor-top-section elementor-element elementor-element-4b738a4 elementor-section-full_width elementor-section-height-default elementor-section-height-default\" data-id=\"4b738a4\" data-element_type=\"section\" data-settings=\"{&quot;background_background&quot;:&quot;classic&quot;}\">\n\t\t\t\t\t\t<div class=\"elementor-container elementor-column-gap-default\">\n\t\t\t\t\t<div class=\"elementor-column elementor-col-33 elementor-top-column elementor-element elementor-element-3db4c2a\" data-id=\"3db4c2a\" data-element_type=\"column\">\n\t\t\t<div class=\"elementor-widget-wrap elementor-element-populated\">\n\t\t\t\t\t\t<div class=\"elementor-element elementor-element-d076625 elementor-widget elementor-widget-image\" data-id=\"d076625\" data-element_type=\"widget\" data-widget_type=\"image.default\">\n\t\t\t\t<div class=\"elementor-widget-container\">\n\t\t\t\t\t\t\t\t\t\t\t\t\t\t\t\t<a href=\"https:\/\/www.veredgo.com\/es\/tours-en-tierra-santa\/peregrinacion-catolica\/\">\n\t\t\t\t\t\t\t<img fetchpriority=\"high\" decoding=\"async\" width=\"300\" height=\"300\" src=\"https:\/\/www.veredgo.com\/es\/wp-content\/uploads\/2023\/02\/catholic-guaranteed-departure-300x300-1.png\" class=\"attachment-medium size-medium wp-image-15718\" alt=\"Iglesia del Santo Sepulcro\" srcset=\"https:\/\/www.veredgo.com\/es\/wp-content\/uploads\/2023\/02\/catholic-guaranteed-departure-300x300-1.png 300w, https:\/\/www.veredgo.com\/es\/wp-content\/uploads\/2023\/02\/catholic-guaranteed-departure-300x300-1-150x150.png 150w\" sizes=\"(max-width: 300px) 100vw, 300px\" \/>\t\t\t\t\t\t\t\t<\/a>\n\t\t\t\t\t\t\t\t\t\t\t\t\t\t\t<\/div>\n\t\t\t\t<\/div>\n\t\t\t\t<div class=\"elementor-element elementor-element-1c30d05 elementor-widget elementor-widget-heading\" data-id=\"1c30d05\" data-element_type=\"widget\" data-widget_type=\"heading.default\">\n\t\t\t\t<div class=\"elementor-widget-container\">\n\t\t\t\t\t<p class=\"elementor-heading-title elementor-size-default\"><a href=\"https:\/\/www.veredgo.com\/es\/tours-en-tierra-santa\/peregrinacion-catolica\/\">Peregrinaci\u00f3n Cat\u00f3lica<\/a><\/p>\t\t\t\t<\/div>\n\t\t\t\t<\/div>\n\t\t\t\t\t<\/div>\n\t\t<\/div>\n\t\t\t\t<div class=\"elementor-column elementor-col-33 elementor-top-column elementor-element elementor-element-4979651\" data-id=\"4979651\" data-element_type=\"column\">\n\t\t\t<div class=\"elementor-widget-wrap elementor-element-populated\">\n\t\t\t\t\t\t<div class=\"elementor-element elementor-element-58ff33d elementor-widget elementor-widget-image\" data-id=\"58ff33d\" data-element_type=\"widget\" data-widget_type=\"image.default\">\n\t\t\t\t<div class=\"elementor-widget-container\">\n\t\t\t\t\t\t\t\t\t\t\t\t\t\t\t\t<a href=\"https:\/\/www.veredgo.com\/es\/tours-en-tierra-santa\/\">\n\t\t\t\t\t\t\t<img decoding=\"async\" width=\"300\" height=\"300\" src=\"https:\/\/www.veredgo.com\/es\/wp-content\/uploads\/2023\/02\/holy-land-touyrs-300x300-1.png\" class=\"attachment-medium size-medium wp-image-15719\" alt=\"Mar de Galilea\" srcset=\"https:\/\/www.veredgo.com\/es\/wp-content\/uploads\/2023\/02\/holy-land-touyrs-300x300-1.png 300w, https:\/\/www.veredgo.com\/es\/wp-content\/uploads\/2023\/02\/holy-land-touyrs-300x300-1-150x150.png 150w\" sizes=\"(max-width: 300px) 100vw, 300px\" \/>\t\t\t\t\t\t\t\t<\/a>\n\t\t\t\t\t\t\t\t\t\t\t\t\t\t\t<\/div>\n\t\t\t\t<\/div>\n\t\t\t\t<div class=\"elementor-element elementor-element-c6c4208 elementor-widget elementor-widget-heading\" data-id=\"c6c4208\" data-element_type=\"widget\" data-widget_type=\"heading.default\">\n\t\t\t\t<div class=\"elementor-widget-container\">\n\t\t\t\t\t<p class=\"elementor-heading-title elementor-size-default\"><a href=\"https:\/\/www.veredgo.com\/es\/tours-en-tierra-santa\/\">Viajes en Tierra Santa<\/a><\/p>\t\t\t\t<\/div>\n\t\t\t\t<\/div>\n\t\t\t\t\t<\/div>\n\t\t<\/div>\n\t\t\t\t<div class=\"elementor-column elementor-col-33 elementor-top-column elementor-element elementor-element-c52f956\" data-id=\"c52f956\" data-element_type=\"column\">\n\t\t\t<div class=\"elementor-widget-wrap elementor-element-populated\">\n\t\t\t\t\t\t<div class=\"elementor-element elementor-element-e794c5c elementor-widget elementor-widget-image\" data-id=\"e794c5c\" data-element_type=\"widget\" data-widget_type=\"image.default\">\n\t\t\t\t<div class=\"elementor-widget-container\">\n\t\t\t\t\t\t\t\t\t\t\t\t\t\t\t\t<a href=\"https:\/\/www.veredgo.com\/es\/operadores-de-turismo-en-israel\/\">\n\t\t\t\t\t\t\t<img decoding=\"async\" width=\"298\" height=\"300\" src=\"https:\/\/www.veredgo.com\/es\/wp-content\/uploads\/2023\/02\/Tour-operators-in-Israel-298x300-1.png\" class=\"attachment-medium size-medium wp-image-15720\" alt=\"Tel Aviv\" srcset=\"https:\/\/www.veredgo.com\/es\/wp-content\/uploads\/2023\/02\/Tour-operators-in-Israel-298x300-1.png 298w, https:\/\/www.veredgo.com\/es\/wp-content\/uploads\/2023\/02\/Tour-operators-in-Israel-298x300-1-150x150.png 150w\" sizes=\"(max-width: 298px) 100vw, 298px\" \/>\t\t\t\t\t\t\t\t<\/a>\n\t\t\t\t\t\t\t\t\t\t\t\t\t\t\t<\/div>\n\t\t\t\t<\/div>\n\t\t\t\t<div class=\"elementor-element elementor-element-5bcc9c5 elementor-widget elementor-widget-heading\" data-id=\"5bcc9c5\" data-element_type=\"widget\" data-widget_type=\"heading.default\">\n\t\t\t\t<div class=\"elementor-widget-container\">\n\t\t\t\t\t<p class=\"elementor-heading-title elementor-size-default\"><a href=\"https:\/\/www.veredgo.com\/es\/operadores-de-turismo-en-israel\/\">Operadores de Turismo en Israel<\/a><\/p>\t\t\t\t<\/div>\n\t\t\t\t<\/div>\n\t\t\t\t\t<\/div>\n\t\t<\/div>\n\t\t\t\t\t<\/div>\n\t\t<\/section>\n\t\t\t\t<section class=\"elementor-section elementor-top-section elementor-element elementor-element-83c5447 elementor-section-full_width elementor-section-height-default elementor-section-height-default\" data-id=\"83c5447\" data-element_type=\"section\" data-settings=\"{&quot;background_background&quot;:&quot;classic&quot;}\">\n\t\t\t\t\t\t<div class=\"elementor-container elementor-column-gap-default\">\n\t\t\t\t\t<div class=\"elementor-column elementor-col-33 elementor-top-column elementor-element elementor-element-0917001\" data-id=\"0917001\" data-element_type=\"column\">\n\t\t\t<div class=\"elementor-widget-wrap elementor-element-populated\">\n\t\t\t\t\t\t<div class=\"elementor-element elementor-element-11373e2 elementor-widget elementor-widget-heading\" data-id=\"11373e2\" data-element_type=\"widget\" data-widget_type=\"heading.default\">\n\t\t\t\t<div class=\"elementor-widget-container\">\n\t\t\t\t\t<h2 class=\"elementor-heading-title elementor-size-default\">El mejor\nOperador Tur\u00edstico\nen Israel<\/h2>\t\t\t\t<\/div>\n\t\t\t\t<\/div>\n\t\t\t\t\t<\/div>\n\t\t<\/div>\n\t\t\t\t<div class=\"elementor-column elementor-col-33 elementor-top-column elementor-element elementor-element-e0182cd\" data-id=\"e0182cd\" data-element_type=\"column\">\n\t\t\t<div class=\"elementor-widget-wrap elementor-element-populated\">\n\t\t\t\t\t\t<div class=\"elementor-element elementor-element-8e2ce90 elementor-widget elementor-widget-text-editor\" data-id=\"8e2ce90\" data-element_type=\"widget\" data-widget_type=\"text-editor.default\">\n\t\t\t\t<div class=\"elementor-widget-container\">\n\t\t\t\t\t\t\t\t\t<p><span data-contrast=\"auto\">Vered Hasharon ofrece giras, a lo largo de La Tierra Santa y la regi\u00f3n, de alta calidad\u00a0 y\u00a0 personalizadas. Nuestras giras incluyen peregrinaciones basadas en la fe, viajes de recreo y de negocios que incluyen alta tecnolog\u00eda, agricultura y energ\u00eda verde. Nuestros servicios incluyen reservas de hotel, transporte en autobuses de lujo, viajes con gu\u00edas altamente experimentados, organizaci\u00f3n de salas de conferencias e instalaciones y reuniones con empresas en todos los campos de la alta tecnolog\u00eda y la agricultura.<\/span><span data-ccp-props=\"{&quot;201341983&quot;:0,&quot;335559739&quot;:160,&quot;335559740&quot;:259}\">\u00a0<\/span><\/p><p><span data-contrast=\"auto\">Nosotros somos siempre sensibles a las necesidades e inquietudes de nuestros clientes desde nuestro\u00a0primer contacto y a lo largo de todo el viaje. Usted puede confiar en nuestros servicios ya que nos enorgullecemos de cumplir lo prometido e incluso superar las expectativas.<\/span><span data-ccp-props=\"{&quot;201341983&quot;:0,&quot;335559739&quot;:160,&quot;335559740&quot;:259}\">\u00a0<\/span><\/p>\t\t\t\t\t\t\t\t<\/div>\n\t\t\t\t<\/div>\n\t\t\t\t\t<\/div>\n\t\t<\/div>\n\t\t\t\t<div class=\"elementor-column elementor-col-33 elementor-top-column elementor-element elementor-element-b229bcb\" data-id=\"b229bcb\" data-element_type=\"column\" data-settings=\"{&quot;background_background&quot;:&quot;classic&quot;}\">\n\t\t\t<div class=\"elementor-widget-wrap elementor-element-populated\">\n\t\t\t\t\t\t<div class=\"elementor-element elementor-element-d1a5821 elementor-widget elementor-widget-image\" data-id=\"d1a5821\" data-element_type=\"widget\" data-widget_type=\"image.default\">\n\t\t\t\t<div class=\"elementor-widget-container\">\n\t\t\t\t\t\t\t\t\t\t\t\t\t\t\t<img loading=\"lazy\" decoding=\"async\" width=\"572\" height=\"685\" src=\"https:\/\/www.veredgo.com\/es\/wp-content\/uploads\/2021\/06\/the-finest-tour-operator-in-isreal.png\" class=\"attachment-full size-full wp-image-329\" alt=\"The dead sea\" srcset=\"https:\/\/www.veredgo.com\/es\/wp-content\/uploads\/2021\/06\/the-finest-tour-operator-in-isreal.png 572w, https:\/\/www.veredgo.com\/es\/wp-content\/uploads\/2021\/06\/the-finest-tour-operator-in-isreal-251x300.png 251w\" sizes=\"(max-width: 572px) 100vw, 572px\" \/>\t\t\t\t\t\t\t\t\t\t\t\t\t\t\t<\/div>\n\t\t\t\t<\/div>\n\t\t\t\t\t<\/div>\n\t\t<\/div>\n\t\t\t\t\t<\/div>\n\t\t<\/section>\n\t\t\t\t<section class=\"elementor-section elementor-top-section elementor-element elementor-element-c677395 elementor-section-full_width elementor-section-height-default elementor-section-height-default\" data-id=\"c677395\" data-element_type=\"section\" data-settings=\"{&quot;background_background&quot;:&quot;classic&quot;}\">\n\t\t\t\t\t\t<div class=\"elementor-container elementor-column-gap-default\">\n\t\t\t\t\t<div class=\"elementor-column elementor-col-33 elementor-top-column elementor-element elementor-element-c0877e9\" data-id=\"c0877e9\" data-element_type=\"column\">\n\t\t\t<div class=\"elementor-widget-wrap elementor-element-populated\">\n\t\t\t\t\t\t<div class=\"elementor-element elementor-element-e025cd0 elementor-widget elementor-widget-image\" data-id=\"e025cd0\" data-element_type=\"widget\" data-widget_type=\"image.default\">\n\t\t\t\t<div class=\"elementor-widget-container\">\n\t\t\t\t\t\t\t\t\t\t\t\t\t\t\t\t<a href=\"https:\/\/www.veredgo.com\/es\/peregrinaciones\/\">\n\t\t\t\t\t\t\t<img loading=\"lazy\" decoding=\"async\" width=\"300\" height=\"300\" src=\"https:\/\/www.veredgo.com\/es\/wp-content\/uploads\/2023\/02\/sepulcher-300x300.png\" class=\"attachment-medium size-medium wp-image-15726\" alt=\"Santo Sepulcro\" srcset=\"https:\/\/www.veredgo.com\/es\/wp-content\/uploads\/2023\/02\/sepulcher-300x300.png 300w, https:\/\/www.veredgo.com\/es\/wp-content\/uploads\/2023\/02\/sepulcher-150x150.png 150w, https:\/\/www.veredgo.com\/es\/wp-content\/uploads\/2023\/02\/sepulcher.png 320w\" sizes=\"(max-width: 300px) 100vw, 300px\" \/>\t\t\t\t\t\t\t\t<\/a>\n\t\t\t\t\t\t\t\t\t\t\t\t\t\t\t<\/div>\n\t\t\t\t<\/div>\n\t\t\t\t<div class=\"elementor-element elementor-element-50b5d6e elementor-widget elementor-widget-heading\" data-id=\"50b5d6e\" data-element_type=\"widget\" data-widget_type=\"heading.default\">\n\t\t\t\t<div class=\"elementor-widget-container\">\n\t\t\t\t\t<p class=\"elementor-heading-title elementor-size-default\"><a href=\"https:\/\/www.veredgo.com\/es\/peregrinaciones\/\">Peregrinaciones<\/a><\/p>\t\t\t\t<\/div>\n\t\t\t\t<\/div>\n\t\t\t\t\t<\/div>\n\t\t<\/div>\n\t\t\t\t<div class=\"elementor-column elementor-col-33 elementor-top-column elementor-element elementor-element-4ffa932\" data-id=\"4ffa932\" data-element_type=\"column\">\n\t\t\t<div class=\"elementor-widget-wrap elementor-element-populated\">\n\t\t\t\t\t\t<div class=\"elementor-element elementor-element-415a3f1 elementor-widget elementor-widget-image\" data-id=\"415a3f1\" data-element_type=\"widget\" data-widget_type=\"image.default\">\n\t\t\t\t<div class=\"elementor-widget-container\">\n\t\t\t\t\t\t\t\t\t\t\t\t\t\t\t\t<a href=\"https:\/\/www.veredgo.com\/es\/regional-tours\/\">\n\t\t\t\t\t\t\t<img loading=\"lazy\" decoding=\"async\" width=\"300\" height=\"300\" src=\"https:\/\/www.veredgo.com\/es\/wp-content\/uploads\/2022\/08\/desert_tour-300x300.png\" class=\"attachment-medium size-medium wp-image-4155\" alt=\"Desierto\" srcset=\"https:\/\/www.veredgo.com\/es\/wp-content\/uploads\/2022\/08\/desert_tour-300x300.png 300w, https:\/\/www.veredgo.com\/es\/wp-content\/uploads\/2022\/08\/desert_tour-150x150.png 150w, https:\/\/www.veredgo.com\/es\/wp-content\/uploads\/2022\/08\/desert_tour.png 320w\" sizes=\"(max-width: 300px) 100vw, 300px\" \/>\t\t\t\t\t\t\t\t<\/a>\n\t\t\t\t\t\t\t\t\t\t\t\t\t\t\t<\/div>\n\t\t\t\t<\/div>\n\t\t\t\t<div class=\"elementor-element elementor-element-f64049a elementor-widget elementor-widget-heading\" data-id=\"f64049a\" data-element_type=\"widget\" data-widget_type=\"heading.default\">\n\t\t\t\t<div class=\"elementor-widget-container\">\n\t\t\t\t\t<p class=\"elementor-heading-title elementor-size-default\"><a href=\"https:\/\/www.veredgo.com\/es\/regional-tours\/\">Giras  Regionales\n<\/a><\/p>\t\t\t\t<\/div>\n\t\t\t\t<\/div>\n\t\t\t\t\t<\/div>\n\t\t<\/div>\n\t\t\t\t<div class=\"elementor-column elementor-col-33 elementor-top-column elementor-element elementor-element-a2d1839\" data-id=\"a2d1839\" data-element_type=\"column\">\n\t\t\t<div class=\"elementor-widget-wrap elementor-element-populated\">\n\t\t\t\t\t\t<div class=\"elementor-element elementor-element-06e27f4 elementor-widget elementor-widget-image\" data-id=\"06e27f4\" data-element_type=\"widget\" data-widget_type=\"image.default\">\n\t\t\t\t<div class=\"elementor-widget-container\">\n\t\t\t\t\t\t\t\t\t\t\t\t\t\t\t\t<a href=\"https:\/\/www.veredgo.com\/es\/peregrinaciones\/peregrinacion-cristiana\/\">\n\t\t\t\t\t\t\t<img loading=\"lazy\" decoding=\"async\" width=\"300\" height=\"300\" src=\"https:\/\/www.veredgo.com\/es\/wp-content\/uploads\/2023\/02\/circle-320-17-300x300.png\" class=\"attachment-medium size-medium wp-image-16614\" alt=\"\" srcset=\"https:\/\/www.veredgo.com\/es\/wp-content\/uploads\/2023\/02\/circle-320-17-300x300.png 300w, https:\/\/www.veredgo.com\/es\/wp-content\/uploads\/2023\/02\/circle-320-17-150x150.png 150w, https:\/\/www.veredgo.com\/es\/wp-content\/uploads\/2023\/02\/circle-320-17.png 320w\" sizes=\"(max-width: 300px) 100vw, 300px\" \/>\t\t\t\t\t\t\t\t<\/a>\n\t\t\t\t\t\t\t\t\t\t\t\t\t\t\t<\/div>\n\t\t\t\t<\/div>\n\t\t\t\t<div class=\"elementor-element elementor-element-3a3fc0b elementor-widget elementor-widget-heading\" data-id=\"3a3fc0b\" data-element_type=\"widget\" data-widget_type=\"heading.default\">\n\t\t\t\t<div class=\"elementor-widget-container\">\n\t\t\t\t\t<p class=\"elementor-heading-title elementor-size-default\"><a href=\"https:\/\/www.veredgo.com\/es\/peregrinaciones\/peregrinacion-cristiana\/\">Peregrinaci\u00f3n Cristiana<\/a><\/p>\t\t\t\t<\/div>\n\t\t\t\t<\/div>\n\t\t\t\t\t<\/div>\n\t\t<\/div>\n\t\t\t\t\t<\/div>\n\t\t<\/section>\n\t\t\t\t<section class=\"elementor-section elementor-top-section elementor-element elementor-element-b41343c elementor-section-full_width elementor-section-height-default elementor-section-height-default\" data-id=\"b41343c\" data-element_type=\"section\" data-settings=\"{&quot;background_background&quot;:&quot;classic&quot;}\">\n\t\t\t\t\t\t<div class=\"elementor-container elementor-column-gap-default\">\n\t\t\t\t\t<div class=\"elementor-column elementor-col-33 elementor-top-column elementor-element elementor-element-5af5056\" data-id=\"5af5056\" data-element_type=\"column\">\n\t\t\t<div class=\"elementor-widget-wrap elementor-element-populated\">\n\t\t\t\t\t\t<div class=\"elementor-element elementor-element-1914d22 elementor-widget elementor-widget-image\" data-id=\"1914d22\" data-element_type=\"widget\" data-widget_type=\"image.default\">\n\t\t\t\t<div class=\"elementor-widget-container\">\n\t\t\t\t\t\t\t\t\t\t\t\t\t\t\t\t<a href=\"https:\/\/www.veredgo.com\/es\/salidas-garantizadas\">\n\t\t\t\t\t\t\t<img loading=\"lazy\" decoding=\"async\" width=\"300\" height=\"300\" src=\"https:\/\/www.veredgo.com\/es\/wp-content\/uploads\/2022\/08\/old_city_walls-300x300.png\" class=\"attachment-medium size-medium wp-image-4151\" alt=\"Ciudad vieja Jerusal\u00e9n\" srcset=\"https:\/\/www.veredgo.com\/es\/wp-content\/uploads\/2022\/08\/old_city_walls-300x300.png 300w, https:\/\/www.veredgo.com\/es\/wp-content\/uploads\/2022\/08\/old_city_walls-150x150.png 150w, https:\/\/www.veredgo.com\/es\/wp-content\/uploads\/2022\/08\/old_city_walls.png 320w\" sizes=\"(max-width: 300px) 100vw, 300px\" \/>\t\t\t\t\t\t\t\t<\/a>\n\t\t\t\t\t\t\t\t\t\t\t\t\t\t\t<\/div>\n\t\t\t\t<\/div>\n\t\t\t\t<div class=\"elementor-element elementor-element-ecb59a4 elementor-widget elementor-widget-heading\" data-id=\"ecb59a4\" data-element_type=\"widget\" data-widget_type=\"heading.default\">\n\t\t\t\t<div class=\"elementor-widget-container\">\n\t\t\t\t\t<p class=\"elementor-heading-title elementor-size-default\"><a href=\"https:\/\/www.veredgo.com\/es\/salidas-garantizadas\">Tours Regulares\n<\/a><\/p>\t\t\t\t<\/div>\n\t\t\t\t<\/div>\n\t\t\t\t\t<\/div>\n\t\t<\/div>\n\t\t\t\t<div class=\"elementor-column elementor-col-33 elementor-top-column elementor-element elementor-element-96d54c4\" data-id=\"96d54c4\" data-element_type=\"column\">\n\t\t\t<div class=\"elementor-widget-wrap elementor-element-populated\">\n\t\t\t\t\t\t<div class=\"elementor-element elementor-element-7beb29d elementor-widget elementor-widget-heading\" data-id=\"7beb29d\" data-element_type=\"widget\" data-widget_type=\"heading.default\">\n\t\t\t\t<div class=\"elementor-widget-container\">\n\t\t\t\t\t<p class=\"elementor-heading-title elementor-size-default\"><a href=\"https:\/\/www.veredgo.com\/es\/salidas-garantizadas\/caravana-evangelica\/\">\n<\/a><\/p>\t\t\t\t<\/div>\n\t\t\t\t<\/div>\n\t\t\t\t\t<\/div>\n\t\t<\/div>\n\t\t\t\t<div class=\"elementor-column elementor-col-33 elementor-top-column elementor-element elementor-element-555b998\" data-id=\"555b998\" data-element_type=\"column\">\n\t\t\t<div class=\"elementor-widget-wrap\">\n\t\t\t\t\t\t\t<\/div>\n\t\t<\/div>\n\t\t\t\t\t<\/div>\n\t\t<\/section>\n\t\t\t\t<section class=\"elementor-section elementor-top-section elementor-element elementor-element-aa84b16 elementor-section-full_width elementor-section-height-default elementor-section-height-default\" data-id=\"aa84b16\" data-element_type=\"section\" data-settings=\"{&quot;background_background&quot;:&quot;classic&quot;}\">\n\t\t\t\t\t\t<div class=\"elementor-container elementor-column-gap-default\">\n\t\t\t\t\t<div class=\"elementor-column elementor-col-33 elementor-top-column elementor-element elementor-element-9c465fe\" data-id=\"9c465fe\" data-element_type=\"column\">\n\t\t\t<div class=\"elementor-widget-wrap elementor-element-populated\">\n\t\t\t\t\t\t<div class=\"elementor-element elementor-element-ce6affa elementor-widget elementor-widget-heading\" data-id=\"ce6affa\" data-element_type=\"widget\" data-widget_type=\"heading.default\">\n\t\t\t\t<div class=\"elementor-widget-container\">\n\t\t\t\t\t<h2 class=\"elementor-heading-title elementor-size-default\">Usted Puede<\/br>\nContar con Nosostros<\/h2>\t\t\t\t<\/div>\n\t\t\t\t<\/div>\n\t\t\t\t\t<\/div>\n\t\t<\/div>\n\t\t\t\t<div class=\"elementor-column elementor-col-33 elementor-top-column elementor-element elementor-element-f8eac19\" data-id=\"f8eac19\" data-element_type=\"column\" data-settings=\"{&quot;background_background&quot;:&quot;classic&quot;}\">\n\t\t\t<div class=\"elementor-widget-wrap elementor-element-populated\">\n\t\t\t\t\t\t<div class=\"elementor-element elementor-element-db12238 elementor-widget elementor-widget-text-editor\" data-id=\"db12238\" data-element_type=\"widget\" data-widget_type=\"text-editor.default\">\n\t\t\t\t<div class=\"elementor-widget-container\">\n\t\t\t\t\t\t\t\t\t<p><span data-contrast=\"auto\">Cuando busque un operador tur\u00edstico en Israel, Vered Hasharon es la opci\u00f3n ideal. Somos una empresa experimentada y profesional que puede ayudarlo a planificar su recorrido por Tierra Santa, estamos dedicados a garantizar que reciba los m\u00e1s altos est\u00e1ndares de servicio de principio a fin.<\/span><span data-ccp-props=\"{&quot;201341983&quot;:0,&quot;335559739&quot;:160,&quot;335559740&quot;:259}\">\u00a0<\/span><\/p><p><span data-contrast=\"auto\">Perm\u00edtanos asegurarnos de que disfrute del viaje de su vida.<\/span><span data-ccp-props=\"{&quot;201341983&quot;:0,&quot;335559739&quot;:160,&quot;335559740&quot;:259}\">\u00a0<\/span><\/p><h4>\u00a0<\/h4>\t\t\t\t\t\t\t\t<\/div>\n\t\t\t\t<\/div>\n\t\t\t\t<div class=\"elementor-element elementor-element-c5e08aa elementor-align-center elementor-widget elementor-widget-button\" data-id=\"c5e08aa\" data-element_type=\"widget\" data-widget_type=\"button.default\">\n\t\t\t\t<div class=\"elementor-widget-container\">\n\t\t\t\t\t\t\t\t\t<div class=\"elementor-button-wrapper\">\n\t\t\t\t\t<a class=\"elementor-button elementor-button-link elementor-size-sm\" href=\"https:\/\/www.veredgo.com\/es\/contact-us\/\">\n\t\t\t\t\t\t<span class=\"elementor-button-content-wrapper\">\n\t\t\t\t\t\t\t\t\t<span class=\"elementor-button-text\">Cont\u00e1ctenos<\/span>\n\t\t\t\t\t<\/span>\n\t\t\t\t\t<\/a>\n\t\t\t\t<\/div>\n\t\t\t\t\t\t\t\t<\/div>\n\t\t\t\t<\/div>\n\t\t\t\t\t<\/div>\n\t\t<\/div>\n\t\t\t\t<div class=\"elementor-column elementor-col-33 elementor-top-column elementor-element elementor-element-a39e9b8\" data-id=\"a39e9b8\" data-element_type=\"column\">\n\t\t\t<div class=\"elementor-widget-wrap\">\n\t\t\t\t\t\t\t<\/div>\n\t\t<\/div>\n\t\t\t\t\t<\/div>\n\t\t<\/section>\n\t\t\t\t<\/div>\n\t\t","protected":false},"excerpt":{"rendered":"<p>Ven a sentir La tierra Con Nosotros Peregrinaci\u00f3n Cat\u00f3lica Viajes en Tierra Santa Operadores de Turismo en Israel El mejor Operador Tur\u00edstico en Israel Vered Hasharon ofrece giras, a lo largo de La Tierra Santa y la regi\u00f3n, de alta calidad\u00a0 y\u00a0 personalizadas. Nuestras giras incluyen peregrinaciones basadas en la fe, viajes de recreo y [&hellip;]<\/p>\n","protected":false},"author":14,"featured_media":0,"parent":0,"menu_order":0,"comment_status":"closed","ping_status":"closed","template":"elementor_header_footer","meta":{"inline_featured_image":false,"footnotes":""},"class_list":["post-14","page","type-page","status-publish","hentry"],"acf":[],"_links":{"self":[{"href":"https:\/\/www.veredgo.com\/es\/wp-json\/wp\/v2\/pages\/14","targetHints":{"allow":["GET"]}}],"collection":[{"href":"https:\/\/www.veredgo.com\/es\/wp-json\/wp\/v2\/pages"}],"about":[{"href":"https:\/\/www.veredgo.com\/es\/wp-json\/wp\/v2\/types\/page"}],"author":[{"embeddable":true,"href":"https:\/\/www.veredgo.com\/es\/wp-json\/wp\/v2\/users\/14"}],"replies":[{"embeddable":true,"href":"https:\/\/www.veredgo.com\/es\/wp-json\/wp\/v2\/comments?post=14"}],"version-history":[{"count":720,"href":"https:\/\/www.veredgo.com\/es\/wp-json\/wp\/v2\/pages\/14\/revisions"}],"predecessor-version":[{"id":18366,"href":"https:\/\/www.veredgo.com\/es\/wp-json\/wp\/v2\/pages\/14\/revisions\/18366"}],"wp:attachment":[{"href":"https:\/\/www.veredgo.com\/es\/wp-json\/wp\/v2\/media?parent=14"}],"curies":[{"name":"wp","href":"https:\/\/api.w.org\/{rel}","templated":true}]}}