{"id":14707,"date":"2023-01-15T12:29:12","date_gmt":"2023-01-15T12:29:12","guid":{"rendered":"https:\/\/2023.veredgo.es\/?page_id=14707"},"modified":"2023-07-16T20:03:05","modified_gmt":"2023-07-16T20:03:05","slug":"peregrinaciones","status":"publish","type":"page","link":"https:\/\/www.veredgo.com\/es\/peregrinaciones\/","title":{"rendered":"Peregrinaciones"},"content":{"rendered":"\t\t<div data-elementor-type=\"wp-page\" data-elementor-id=\"14707\" class=\"elementor elementor-14707\" data-elementor-post-type=\"page\">\n\t\t\t\t\t\t<section class=\"elementor-section elementor-top-section elementor-element elementor-element-d0e3d94 elementor-section-height-min-height elementor-section-full_width elementor-section-items-top elementor-section-height-default\" data-id=\"d0e3d94\" data-element_type=\"section\" data-settings=\"{&quot;background_background&quot;:&quot;classic&quot;}\">\n\t\t\t\t\t\t\t<div class=\"elementor-background-overlay\"><\/div>\n\t\t\t\t\t\t\t<div class=\"elementor-container elementor-column-gap-no\">\n\t\t\t\t\t<div class=\"elementor-column elementor-col-100 elementor-top-column elementor-element elementor-element-cea4c7f\" data-id=\"cea4c7f\" data-element_type=\"column\">\n\t\t\t<div class=\"elementor-widget-wrap\">\n\t\t\t\t\t\t\t<\/div>\n\t\t<\/div>\n\t\t\t\t\t<\/div>\n\t\t<\/section>\n\t\t\t\t<section class=\"elementor-section elementor-top-section elementor-element elementor-element-54b66cf elementor-section-content-middle elementor-section-full_width elementor-section-height-default elementor-section-height-default\" data-id=\"54b66cf\" data-element_type=\"section\" data-settings=\"{&quot;background_background&quot;:&quot;classic&quot;}\">\n\t\t\t\t\t\t<div class=\"elementor-container elementor-column-gap-default\">\n\t\t\t\t\t<div class=\"elementor-column elementor-col-50 elementor-top-column elementor-element elementor-element-fa31289\" data-id=\"fa31289\" data-element_type=\"column\">\n\t\t\t<div class=\"elementor-widget-wrap elementor-element-populated\">\n\t\t\t\t\t\t<div class=\"elementor-element elementor-element-0ed2d14 elementor-widget elementor-widget-heading\" data-id=\"0ed2d14\" data-element_type=\"widget\" data-widget_type=\"heading.default\">\n\t\t\t\t<div class=\"elementor-widget-container\">\n\t\t\t\t\t<h2 class=\"elementor-heading-title elementor-size-default\">Peregrinaciones<\/h2>\t\t\t\t<\/div>\n\t\t\t\t<\/div>\n\t\t\t\t\t<\/div>\n\t\t<\/div>\n\t\t\t\t<div class=\"elementor-column elementor-col-50 elementor-top-column elementor-element elementor-element-0a91fff\" data-id=\"0a91fff\" data-element_type=\"column\">\n\t\t\t<div class=\"elementor-widget-wrap elementor-element-populated\">\n\t\t\t\t\t\t<div class=\"elementor-element elementor-element-5db38ab elementor-widget elementor-widget-text-editor\" data-id=\"5db38ab\" data-element_type=\"widget\" data-widget_type=\"text-editor.default\">\n\t\t\t\t<div class=\"elementor-widget-container\">\n\t\t\t\t\t\t\t\t\t<h3 class=\"av-special-heading-tag \">Peregrinaci\u00f3n a Tierra Santa \u2013 El Camino de San Pablo \u2013 Viajes Cristianos a Tierra Santa<\/h3><h4>\u00a0<\/h4><p><strong>\u00danase a uno de nuestros Tours de Peregrinaci\u00f3n a Tierra Santa, Turqu\u00eda. Tenemos disponibles una gran variedad de\u00a0 recorridos por Tierra Santa<\/strong><\/p>\t\t\t\t\t\t\t\t<\/div>\n\t\t\t\t<\/div>\n\t\t\t\t\t<\/div>\n\t\t<\/div>\n\t\t\t\t\t<\/div>\n\t\t<\/section>\n\t\t\t\t<section class=\"elementor-section elementor-top-section elementor-element elementor-element-e6dfe66 elementor-section-boxed elementor-section-height-default elementor-section-height-default\" data-id=\"e6dfe66\" data-element_type=\"section\" data-settings=\"{&quot;background_background&quot;:&quot;classic&quot;}\">\n\t\t\t\t\t\t<div class=\"elementor-container elementor-column-gap-default\">\n\t\t\t\t\t<div class=\"elementor-column elementor-col-100 elementor-top-column elementor-element elementor-element-20075a9\" data-id=\"20075a9\" data-element_type=\"column\">\n\t\t\t<div class=\"elementor-widget-wrap elementor-element-populated\">\n\t\t\t\t\t\t<div class=\"elementor-element elementor-element-83c3de8 elementor-posts--align-center elementor-grid-3 elementor-grid-tablet-2 elementor-grid-mobile-1 elementor-posts--thumbnail-top elementor-widget elementor-widget-posts\" data-id=\"83c3de8\" data-element_type=\"widget\" data-settings=\"{&quot;classic_columns&quot;:&quot;3&quot;,&quot;classic_columns_tablet&quot;:&quot;2&quot;,&quot;classic_columns_mobile&quot;:&quot;1&quot;,&quot;classic_row_gap&quot;:{&quot;unit&quot;:&quot;px&quot;,&quot;size&quot;:35,&quot;sizes&quot;:[]},&quot;classic_row_gap_tablet&quot;:{&quot;unit&quot;:&quot;px&quot;,&quot;size&quot;:&quot;&quot;,&quot;sizes&quot;:[]},&quot;classic_row_gap_mobile&quot;:{&quot;unit&quot;:&quot;px&quot;,&quot;size&quot;:&quot;&quot;,&quot;sizes&quot;:[]}}\" data-widget_type=\"posts.classic\">\n\t\t\t\t<div class=\"elementor-widget-container\">\n\t\t\t\t\t\t\t<div class=\"elementor-posts-container elementor-posts elementor-posts--skin-classic elementor-grid\">\n\t\t\t\t<article class=\"elementor-post elementor-grid-item post-18317 post type-post status-publish format-standard has-post-thumbnail hentry category-peregrinaciones category-tours-en-tierra-santa\">\n\t\t\t\t<a class=\"elementor-post__thumbnail__link\" href=\"https:\/\/www.veredgo.com\/es\/tours-en-tierra-santa\/peregrinacion-cristiana\/\" tabindex=\"-1\" >\n\t\t\t<div class=\"elementor-post__thumbnail\"><img fetchpriority=\"high\" decoding=\"async\" width=\"300\" height=\"300\" src=\"https:\/\/www.veredgo.com\/es\/wp-content\/uploads\/2022\/06\/Mount-of-Olives-300x300.png\" class=\"attachment-medium size-medium wp-image-3706\" alt=\"monte de los olivos\" srcset=\"https:\/\/www.veredgo.com\/es\/wp-content\/uploads\/2022\/06\/Mount-of-Olives-300x300.png 300w, https:\/\/www.veredgo.com\/es\/wp-content\/uploads\/2022\/06\/Mount-of-Olives-150x150.png 150w, https:\/\/www.veredgo.com\/es\/wp-content\/uploads\/2022\/06\/Mount-of-Olives.png 320w\" sizes=\"(max-width: 300px) 100vw, 300px\" \/><\/div>\n\t\t<\/a>\n\t\t\t\t<div class=\"elementor-post__text\">\n\t\t\t\t<h3 class=\"elementor-post__title\">\n\t\t\t<a href=\"https:\/\/www.veredgo.com\/es\/tours-en-tierra-santa\/peregrinacion-cristiana\/\" >\n\t\t\t\tPeregrinaci\u00f3n Cristiana\t\t\t<\/a>\n\t\t<\/h3>\n\t\t\t\t<\/div>\n\t\t\t\t<\/article>\n\t\t\t\t<article class=\"elementor-post elementor-grid-item post-16416 post type-post status-publish format-standard has-post-thumbnail hentry category-giras-regionales category-peregrinaciones category-tours-regionales\">\n\t\t\t\t<a class=\"elementor-post__thumbnail__link\" href=\"https:\/\/www.veredgo.com\/es\/giras-regionales\/las-siete-iglesias-del-apocalipsis-2\/\" tabindex=\"-1\" >\n\t\t\t<div class=\"elementor-post__thumbnail\"><img decoding=\"async\" width=\"300\" height=\"300\" src=\"https:\/\/www.veredgo.com\/es\/wp-content\/uploads\/2022\/07\/Jerash_Jordan-300x300.png\" class=\"attachment-medium size-medium wp-image-4096\" alt=\"Jerasa Jordania\" srcset=\"https:\/\/www.veredgo.com\/es\/wp-content\/uploads\/2022\/07\/Jerash_Jordan-300x300.png 300w, https:\/\/www.veredgo.com\/es\/wp-content\/uploads\/2022\/07\/Jerash_Jordan-150x150.png 150w, https:\/\/www.veredgo.com\/es\/wp-content\/uploads\/2022\/07\/Jerash_Jordan.png 320w\" sizes=\"(max-width: 300px) 100vw, 300px\" \/><\/div>\n\t\t<\/a>\n\t\t\t\t<div class=\"elementor-post__text\">\n\t\t\t\t<h3 class=\"elementor-post__title\">\n\t\t\t<a href=\"https:\/\/www.veredgo.com\/es\/giras-regionales\/las-siete-iglesias-del-apocalipsis-2\/\" >\n\t\t\t\tLas Siete Iglesias del Apocalipsis\t\t\t<\/a>\n\t\t<\/h3>\n\t\t\t\t<\/div>\n\t\t\t\t<\/article>\n\t\t\t\t<article class=\"elementor-post elementor-grid-item post-14764 post type-post status-publish format-standard has-post-thumbnail hentry category-giras-regionales category-peregrinaciones category-tours-regionales\">\n\t\t\t\t<a class=\"elementor-post__thumbnail__link\" href=\"https:\/\/www.veredgo.com\/es\/giras-regionales\/el-camino-de-san-pablo-turquia\/\" tabindex=\"-1\" >\n\t\t\t<div class=\"elementor-post__thumbnail\"><img decoding=\"async\" width=\"300\" height=\"300\" src=\"https:\/\/www.veredgo.com\/es\/wp-content\/uploads\/2022\/07\/Cairo-300x300.png\" class=\"attachment-medium size-medium wp-image-4095\" alt=\"Cairo\" srcset=\"https:\/\/www.veredgo.com\/es\/wp-content\/uploads\/2022\/07\/Cairo-300x300.png 300w, https:\/\/www.veredgo.com\/es\/wp-content\/uploads\/2022\/07\/Cairo-150x150.png 150w, https:\/\/www.veredgo.com\/es\/wp-content\/uploads\/2022\/07\/Cairo.png 320w\" sizes=\"(max-width: 300px) 100vw, 300px\" \/><\/div>\n\t\t<\/a>\n\t\t\t\t<div class=\"elementor-post__text\">\n\t\t\t\t<h3 class=\"elementor-post__title\">\n\t\t\t<a href=\"https:\/\/www.veredgo.com\/es\/giras-regionales\/el-camino-de-san-pablo-turquia\/\" >\n\t\t\t\tEl Camino de San Pablo \u2013 Turqu\u00eda\t\t\t<\/a>\n\t\t<\/h3>\n\t\t\t\t<\/div>\n\t\t\t\t<\/article>\n\t\t\t\t<article class=\"elementor-post elementor-grid-item post-14690 post type-post status-publish format-standard has-post-thumbnail hentry category-peregrinaciones category-tours-en-tierra-santa\">\n\t\t\t\t<a class=\"elementor-post__thumbnail__link\" href=\"https:\/\/www.veredgo.com\/es\/tours-en-tierra-santa\/peregrinacion-catolica\/\" tabindex=\"-1\" >\n\t\t\t<div class=\"elementor-post__thumbnail\"><img loading=\"lazy\" decoding=\"async\" width=\"300\" height=\"300\" src=\"https:\/\/www.veredgo.com\/es\/wp-content\/uploads\/2022\/06\/Qasr-el-Yahud-300x300.png\" class=\"attachment-medium size-medium wp-image-3703\" alt=\"Qasr el Yahud\" srcset=\"https:\/\/www.veredgo.com\/es\/wp-content\/uploads\/2022\/06\/Qasr-el-Yahud-300x300.png 300w, https:\/\/www.veredgo.com\/es\/wp-content\/uploads\/2022\/06\/Qasr-el-Yahud-150x150.png 150w, https:\/\/www.veredgo.com\/es\/wp-content\/uploads\/2022\/06\/Qasr-el-Yahud.png 320w\" sizes=\"(max-width: 300px) 100vw, 300px\" \/><\/div>\n\t\t<\/a>\n\t\t\t\t<div class=\"elementor-post__text\">\n\t\t\t\t<h3 class=\"elementor-post__title\">\n\t\t\t<a href=\"https:\/\/www.veredgo.com\/es\/tours-en-tierra-santa\/peregrinacion-catolica\/\" >\n\t\t\t\tPeregrinaci\u00f3n Cat\u00f3lica\t\t\t<\/a>\n\t\t<\/h3>\n\t\t\t\t<\/div>\n\t\t\t\t<\/article>\n\t\t\t\t<\/div>\n\t\t\n\t\t\t\t\t\t<\/div>\n\t\t\t\t<\/div>\n\t\t\t\t\t<\/div>\n\t\t<\/div>\n\t\t\t\t\t<\/div>\n\t\t<\/section>\n\t\t\t\t<\/div>\n\t\t","protected":false},"excerpt":{"rendered":"<p>Peregrinaciones Peregrinaci\u00f3n a Tierra Santa \u2013 El Camino de San Pablo \u2013 Viajes Cristianos a Tierra Santa \u00a0 \u00danase a uno de nuestros Tours de<\/p>\n","protected":false},"author":14,"featured_media":4151,"parent":0,"menu_order":0,"comment_status":"closed","ping_status":"closed","template":"elementor_header_footer","meta":{"inline_featured_image":false,"footnotes":""},"class_list":["post-14707","page","type-page","status-publish","has-post-thumbnail","hentry"],"acf":[],"_links":{"self":[{"href":"https:\/\/www.veredgo.com\/es\/wp-json\/wp\/v2\/pages\/14707","targetHints":{"allow":["GET"]}}],"collection":[{"href":"https:\/\/www.veredgo.com\/es\/wp-json\/wp\/v2\/pages"}],"about":[{"href":"https:\/\/www.veredgo.com\/es\/wp-json\/wp\/v2\/types\/page"}],"author":[{"embeddable":true,"href":"https:\/\/www.veredgo.com\/es\/wp-json\/wp\/v2\/users\/14"}],"replies":[{"embeddable":true,"href":"https:\/\/www.veredgo.com\/es\/wp-json\/wp\/v2\/comments?post=14707"}],"version-history":[{"count":20,"href":"https:\/\/www.veredgo.com\/es\/wp-json\/wp\/v2\/pages\/14707\/revisions"}],"predecessor-version":[{"id":17723,"href":"https:\/\/www.veredgo.com\/es\/wp-json\/wp\/v2\/pages\/14707\/revisions\/17723"}],"wp:featuredmedia":[{"embeddable":true,"href":"https:\/\/www.veredgo.com\/es\/wp-json\/wp\/v2\/media\/4151"}],"wp:attachment":[{"href":"https:\/\/www.veredgo.com\/es\/wp-json\/wp\/v2\/media?parent=14707"}],"curies":[{"name":"wp","href":"https:\/\/api.w.org\/{rel}","templated":true}]}}