{"id":14798,"date":"2023-01-16T11:37:59","date_gmt":"2023-01-16T11:37:59","guid":{"rendered":"https:\/\/2023.veredgo.es\/?page_id=14798"},"modified":"2023-06-22T06:35:32","modified_gmt":"2023-06-22T06:35:32","slug":"salidas-garantizadas","status":"publish","type":"page","link":"https:\/\/www.veredgo.com\/es\/salidas-garantizadas\/","title":{"rendered":"Salidas Garantizadas"},"content":{"rendered":"\t\t<div data-elementor-type=\"wp-page\" data-elementor-id=\"14798\" class=\"elementor elementor-14798\" data-elementor-post-type=\"page\">\n\t\t\t\t\t\t<section class=\"elementor-section elementor-top-section elementor-element elementor-element-b5aac7e elementor-section-height-min-height elementor-section-full_width elementor-section-items-top elementor-section-height-default\" data-id=\"b5aac7e\" data-element_type=\"section\" data-settings=\"{&quot;background_background&quot;:&quot;classic&quot;}\">\n\t\t\t\t\t\t\t<div class=\"elementor-background-overlay\"><\/div>\n\t\t\t\t\t\t\t<div class=\"elementor-container elementor-column-gap-no\">\n\t\t\t\t\t<div class=\"elementor-column elementor-col-100 elementor-top-column elementor-element elementor-element-1feaec7\" data-id=\"1feaec7\" data-element_type=\"column\">\n\t\t\t<div class=\"elementor-widget-wrap\">\n\t\t\t\t\t\t\t<\/div>\n\t\t<\/div>\n\t\t\t\t\t<\/div>\n\t\t<\/section>\n\t\t\t\t<section class=\"elementor-section elementor-top-section elementor-element elementor-element-f483253 elementor-section-content-middle elementor-section-full_width elementor-section-height-default elementor-section-height-default\" data-id=\"f483253\" data-element_type=\"section\" data-settings=\"{&quot;background_background&quot;:&quot;classic&quot;}\">\n\t\t\t\t\t\t<div class=\"elementor-container elementor-column-gap-default\">\n\t\t\t\t\t<div class=\"elementor-column elementor-col-50 elementor-top-column elementor-element elementor-element-06992b0\" data-id=\"06992b0\" data-element_type=\"column\">\n\t\t\t<div class=\"elementor-widget-wrap elementor-element-populated\">\n\t\t\t\t\t\t<div class=\"elementor-element elementor-element-6695af2 elementor-widget elementor-widget-heading\" data-id=\"6695af2\" data-element_type=\"widget\" data-widget_type=\"heading.default\">\n\t\t\t\t<div class=\"elementor-widget-container\">\n\t\t\t\t\t<h2 class=\"elementor-heading-title elementor-size-default\">Salidas Garantizadas<\/h2>\t\t\t\t<\/div>\n\t\t\t\t<\/div>\n\t\t\t\t\t<\/div>\n\t\t<\/div>\n\t\t\t\t<div class=\"elementor-column elementor-col-50 elementor-top-column elementor-element elementor-element-27b49e8\" data-id=\"27b49e8\" data-element_type=\"column\">\n\t\t\t<div class=\"elementor-widget-wrap elementor-element-populated\">\n\t\t\t\t\t\t<div class=\"elementor-element elementor-element-80ffbf8 elementor-widget elementor-widget-text-editor\" data-id=\"80ffbf8\" data-element_type=\"widget\" data-widget_type=\"text-editor.default\">\n\t\t\t\t<div class=\"elementor-widget-container\">\n\t\t\t\t\t\t\t\t\t<h3 class=\"av-special-heading-tag \"><strong>Nuestros Tours con Salidas Garantizadas<\/strong><\/h3><p class=\"av-special-heading-tag \">Tours con Salidas garantizados son giras en grupo con fechas de salida predeterminadas para que individuales se unan. Los tours incluyen alojamiento, as\u00ed como un recorrido por Israel en un autob\u00fas de lujo con aire acondicionado con un gu\u00eda profesional y experimentado. Estos tours ofrecen a los viajeros individuales la opci\u00f3n de unirse a otros en un viaje en grupo<\/p>\t\t\t\t\t\t\t\t<\/div>\n\t\t\t\t<\/div>\n\t\t\t\t\t<\/div>\n\t\t<\/div>\n\t\t\t\t\t<\/div>\n\t\t<\/section>\n\t\t\t\t<section class=\"elementor-section elementor-top-section elementor-element elementor-element-4c263df elementor-section-boxed elementor-section-height-default elementor-section-height-default\" data-id=\"4c263df\" data-element_type=\"section\" data-settings=\"{&quot;background_background&quot;:&quot;classic&quot;}\">\n\t\t\t\t\t\t<div class=\"elementor-container elementor-column-gap-default\">\n\t\t\t\t\t<div class=\"elementor-column elementor-col-100 elementor-top-column elementor-element elementor-element-9fe32fc\" data-id=\"9fe32fc\" data-element_type=\"column\">\n\t\t\t<div class=\"elementor-widget-wrap elementor-element-populated\">\n\t\t\t\t\t\t<div class=\"elementor-element elementor-element-a6d196e elementor-posts--align-center elementor-grid-3 elementor-grid-tablet-2 elementor-grid-mobile-1 elementor-posts--thumbnail-top elementor-widget elementor-widget-posts\" data-id=\"a6d196e\" data-element_type=\"widget\" data-settings=\"{&quot;classic_columns&quot;:&quot;3&quot;,&quot;classic_columns_tablet&quot;:&quot;2&quot;,&quot;classic_columns_mobile&quot;:&quot;1&quot;,&quot;classic_row_gap&quot;:{&quot;unit&quot;:&quot;px&quot;,&quot;size&quot;:35,&quot;sizes&quot;:[]},&quot;classic_row_gap_tablet&quot;:{&quot;unit&quot;:&quot;px&quot;,&quot;size&quot;:&quot;&quot;,&quot;sizes&quot;:[]},&quot;classic_row_gap_mobile&quot;:{&quot;unit&quot;:&quot;px&quot;,&quot;size&quot;:&quot;&quot;,&quot;sizes&quot;:[]}}\" data-widget_type=\"posts.classic\">\n\t\t\t\t<div class=\"elementor-widget-container\">\n\t\t\t\t\t\t\t<div class=\"elementor-posts-container elementor-posts elementor-posts--skin-classic elementor-grid\">\n\t\t\t\t<article class=\"elementor-post elementor-grid-item post-17557 post type-post status-publish format-standard has-post-thumbnail hentry category-salidas-garantizadas category-tours-en-tierra-santa\">\n\t\t\t\t<a class=\"elementor-post__thumbnail__link\" href=\"https:\/\/www.veredgo.com\/es\/tours-en-tierra-santa\/sabores-de-israel-6-dias-martes\/\" tabindex=\"-1\" >\n\t\t\t<div class=\"elementor-post__thumbnail\"><img fetchpriority=\"high\" decoding=\"async\" width=\"300\" height=\"300\" src=\"https:\/\/www.veredgo.com\/es\/wp-content\/uploads\/2022\/08\/old_city_walls-300x300.png\" class=\"attachment-medium size-medium wp-image-4151\" alt=\"Ciudad vieja Jerusal\u00e9n\" srcset=\"https:\/\/www.veredgo.com\/es\/wp-content\/uploads\/2022\/08\/old_city_walls-300x300.png 300w, https:\/\/www.veredgo.com\/es\/wp-content\/uploads\/2022\/08\/old_city_walls-150x150.png 150w, https:\/\/www.veredgo.com\/es\/wp-content\/uploads\/2022\/08\/old_city_walls.png 320w\" sizes=\"(max-width: 300px) 100vw, 300px\" \/><\/div>\n\t\t<\/a>\n\t\t\t\t<div class=\"elementor-post__text\">\n\t\t\t\t<h3 class=\"elementor-post__title\">\n\t\t\t<a href=\"https:\/\/www.veredgo.com\/es\/tours-en-tierra-santa\/sabores-de-israel-6-dias-martes\/\" >\n\t\t\t\tSabores de Israel \u2013 6 D\u00edas &#8211; Martes\t\t\t<\/a>\n\t\t<\/h3>\n\t\t\t\t<\/div>\n\t\t\t\t<\/article>\n\t\t\t\t<article class=\"elementor-post elementor-grid-item post-17546 post type-post status-publish format-standard has-post-thumbnail hentry category-salidas-garantizadas category-tours-en-tierra-santa\">\n\t\t\t\t<a class=\"elementor-post__thumbnail__link\" href=\"https:\/\/www.veredgo.com\/es\/tours-en-tierra-santa\/ruta-de-paz-4-noches-2-dias-de-excursion-jueves\/\" tabindex=\"-1\" >\n\t\t\t<div class=\"elementor-post__thumbnail\"><img decoding=\"async\" width=\"300\" height=\"300\" src=\"https:\/\/www.veredgo.com\/es\/wp-content\/uploads\/2023\/02\/Church-of-All-Nations-300x300-1.png\" class=\"attachment-medium size-medium wp-image-16235\" alt=\"Iglesia de todas las naciones\" srcset=\"https:\/\/www.veredgo.com\/es\/wp-content\/uploads\/2023\/02\/Church-of-All-Nations-300x300-1.png 300w, https:\/\/www.veredgo.com\/es\/wp-content\/uploads\/2023\/02\/Church-of-All-Nations-300x300-1-150x150.png 150w\" sizes=\"(max-width: 300px) 100vw, 300px\" \/><\/div>\n\t\t<\/a>\n\t\t\t\t<div class=\"elementor-post__text\">\n\t\t\t\t<h3 class=\"elementor-post__title\">\n\t\t\t<a href=\"https:\/\/www.veredgo.com\/es\/tours-en-tierra-santa\/ruta-de-paz-4-noches-2-dias-de-excursion-jueves\/\" >\n\t\t\t\tRuta De Paz \u2013 4 noches &#8211; 2 D\u00edas de Excursi\u00f3n &#8211; Jueves\t\t\t<\/a>\n\t\t<\/h3>\n\t\t\t\t<\/div>\n\t\t\t\t<\/article>\n\t\t\t\t<article class=\"elementor-post elementor-grid-item post-17534 post type-post status-publish format-standard has-post-thumbnail hentry category-salidas-garantizadas category-tours-en-tierra-santa\">\n\t\t\t\t<a class=\"elementor-post__thumbnail__link\" href=\"https:\/\/www.veredgo.com\/es\/tours-en-tierra-santa\/ruta-de-paz-4-noches-2-dias-de-excursion-miercoles\/\" tabindex=\"-1\" >\n\t\t\t<div class=\"elementor-post__thumbnail\"><img decoding=\"async\" width=\"300\" height=\"300\" src=\"https:\/\/www.veredgo.com\/es\/wp-content\/uploads\/2022\/06\/Galilee-view-300x300.png\" class=\"attachment-medium size-medium wp-image-3707\" alt=\"Mar de Galilea\" srcset=\"https:\/\/www.veredgo.com\/es\/wp-content\/uploads\/2022\/06\/Galilee-view-300x300.png 300w, https:\/\/www.veredgo.com\/es\/wp-content\/uploads\/2022\/06\/Galilee-view-150x150.png 150w, https:\/\/www.veredgo.com\/es\/wp-content\/uploads\/2022\/06\/Galilee-view.png 320w\" sizes=\"(max-width: 300px) 100vw, 300px\" \/><\/div>\n\t\t<\/a>\n\t\t\t\t<div class=\"elementor-post__text\">\n\t\t\t\t<h3 class=\"elementor-post__title\">\n\t\t\t<a href=\"https:\/\/www.veredgo.com\/es\/tours-en-tierra-santa\/ruta-de-paz-4-noches-2-dias-de-excursion-miercoles\/\" >\n\t\t\t\tRuta De Paz \u2013 4 noches &#8211; 2 D\u00edas de Excursi\u00f3n &#8211; Mi\u00e9rcoles\t\t\t<\/a>\n\t\t<\/h3>\n\t\t\t\t<\/div>\n\t\t\t\t<\/article>\n\t\t\t\t<article class=\"elementor-post elementor-grid-item post-17525 post type-post status-publish format-standard has-post-thumbnail hentry category-salidas-garantizadas category-tours-en-tierra-santa\">\n\t\t\t\t<a class=\"elementor-post__thumbnail__link\" href=\"https:\/\/www.veredgo.com\/es\/tours-en-tierra-santa\/tierra-santa-8-dias-jueves\/\" tabindex=\"-1\" >\n\t\t\t<div class=\"elementor-post__thumbnail\"><img loading=\"lazy\" decoding=\"async\" width=\"300\" height=\"300\" src=\"https:\/\/www.veredgo.com\/es\/wp-content\/uploads\/2022\/08\/menora-300x300.png\" class=\"attachment-medium size-medium wp-image-4158\" alt=\"menora\" srcset=\"https:\/\/www.veredgo.com\/es\/wp-content\/uploads\/2022\/08\/menora-300x300.png 300w, https:\/\/www.veredgo.com\/es\/wp-content\/uploads\/2022\/08\/menora-150x150.png 150w, https:\/\/www.veredgo.com\/es\/wp-content\/uploads\/2022\/08\/menora.png 320w\" sizes=\"(max-width: 300px) 100vw, 300px\" \/><\/div>\n\t\t<\/a>\n\t\t\t\t<div class=\"elementor-post__text\">\n\t\t\t\t<h3 class=\"elementor-post__title\">\n\t\t\t<a href=\"https:\/\/www.veredgo.com\/es\/tours-en-tierra-santa\/tierra-santa-8-dias-jueves\/\" >\n\t\t\t\tTierra Santa &#8211; 8 D\u00edas &#8211; Jueves\t\t\t<\/a>\n\t\t<\/h3>\n\t\t\t\t<\/div>\n\t\t\t\t<\/article>\n\t\t\t\t<article class=\"elementor-post elementor-grid-item post-17506 post type-post status-publish format-standard has-post-thumbnail hentry category-salidas-garantizadas category-tours-en-tierra-santa\">\n\t\t\t\t<a class=\"elementor-post__thumbnail__link\" href=\"https:\/\/www.veredgo.com\/es\/tours-en-tierra-santa\/tierra-santa-8-dias-miercoles\/\" tabindex=\"-1\" >\n\t\t\t<div class=\"elementor-post__thumbnail\"><img loading=\"lazy\" decoding=\"async\" width=\"300\" height=\"300\" src=\"https:\/\/www.veredgo.com\/es\/wp-content\/uploads\/2022\/08\/Masada_view-300x300.png\" class=\"attachment-medium size-medium wp-image-4157\" alt=\"Masada\" srcset=\"https:\/\/www.veredgo.com\/es\/wp-content\/uploads\/2022\/08\/Masada_view-300x300.png 300w, https:\/\/www.veredgo.com\/es\/wp-content\/uploads\/2022\/08\/Masada_view-150x150.png 150w, https:\/\/www.veredgo.com\/es\/wp-content\/uploads\/2022\/08\/Masada_view.png 320w\" sizes=\"(max-width: 300px) 100vw, 300px\" \/><\/div>\n\t\t<\/a>\n\t\t\t\t<div class=\"elementor-post__text\">\n\t\t\t\t<h3 class=\"elementor-post__title\">\n\t\t\t<a href=\"https:\/\/www.veredgo.com\/es\/tours-en-tierra-santa\/tierra-santa-8-dias-miercoles\/\" >\n\t\t\t\tTierra Santa &#8211; 8 D\u00edas &#8211; Mi\u00e9rcoles\t\t\t<\/a>\n\t\t<\/h3>\n\t\t\t\t<\/div>\n\t\t\t\t<\/article>\n\t\t\t\t<article class=\"elementor-post elementor-grid-item post-17496 post type-post status-publish format-standard has-post-thumbnail hentry category-salidas-garantizadas category-tours-en-tierra-santa\">\n\t\t\t\t<a class=\"elementor-post__thumbnail__link\" href=\"https:\/\/www.veredgo.com\/es\/tours-en-tierra-santa\/tierra-santa-7-dias-lunes\/\" tabindex=\"-1\" >\n\t\t\t<div class=\"elementor-post__thumbnail\"><img loading=\"lazy\" decoding=\"async\" width=\"300\" height=\"300\" src=\"https:\/\/www.veredgo.com\/es\/wp-content\/uploads\/2023\/02\/sepulcher-300x300.png\" class=\"attachment-medium size-medium wp-image-15726\" alt=\"Santo Sepulcro\" srcset=\"https:\/\/www.veredgo.com\/es\/wp-content\/uploads\/2023\/02\/sepulcher-300x300.png 300w, https:\/\/www.veredgo.com\/es\/wp-content\/uploads\/2023\/02\/sepulcher-150x150.png 150w, https:\/\/www.veredgo.com\/es\/wp-content\/uploads\/2023\/02\/sepulcher.png 320w\" sizes=\"(max-width: 300px) 100vw, 300px\" \/><\/div>\n\t\t<\/a>\n\t\t\t\t<div class=\"elementor-post__text\">\n\t\t\t\t<h3 class=\"elementor-post__title\">\n\t\t\t<a href=\"https:\/\/www.veredgo.com\/es\/tours-en-tierra-santa\/tierra-santa-7-dias-lunes\/\" >\n\t\t\t\tTierra Santa &#8211; 7 D\u00edas &#8211; Lunes\t\t\t<\/a>\n\t\t<\/h3>\n\t\t\t\t<\/div>\n\t\t\t\t<\/article>\n\t\t\t\t<article class=\"elementor-post elementor-grid-item post-17490 post type-post status-publish format-standard has-post-thumbnail hentry category-salidas-garantizadas category-tours-en-tierra-santa\">\n\t\t\t\t<a class=\"elementor-post__thumbnail__link\" href=\"https:\/\/www.veredgo.com\/es\/tours-en-tierra-santa\/tierra-santa-8-dias-lunes\/\" tabindex=\"-1\" >\n\t\t\t<div class=\"elementor-post__thumbnail\"><img loading=\"lazy\" decoding=\"async\" width=\"300\" height=\"300\" src=\"https:\/\/www.veredgo.com\/es\/wp-content\/uploads\/2022\/06\/Tel-Aviv-Skyscrapers-300x300.png\" class=\"attachment-medium size-medium wp-image-3719\" alt=\"Tel-Aviv\" srcset=\"https:\/\/www.veredgo.com\/es\/wp-content\/uploads\/2022\/06\/Tel-Aviv-Skyscrapers-300x300.png 300w, https:\/\/www.veredgo.com\/es\/wp-content\/uploads\/2022\/06\/Tel-Aviv-Skyscrapers-150x150.png 150w, https:\/\/www.veredgo.com\/es\/wp-content\/uploads\/2022\/06\/Tel-Aviv-Skyscrapers.png 320w\" sizes=\"(max-width: 300px) 100vw, 300px\" \/><\/div>\n\t\t<\/a>\n\t\t\t\t<div class=\"elementor-post__text\">\n\t\t\t\t<h3 class=\"elementor-post__title\">\n\t\t\t<a href=\"https:\/\/www.veredgo.com\/es\/tours-en-tierra-santa\/tierra-santa-8-dias-lunes\/\" >\n\t\t\t\tTierra Santa &#8211; 8 D\u00edas &#8211; Lunes\t\t\t<\/a>\n\t\t<\/h3>\n\t\t\t\t<\/div>\n\t\t\t\t<\/article>\n\t\t\t\t<article class=\"elementor-post elementor-grid-item post-17452 post type-post status-publish format-standard has-post-thumbnail hentry category-salidas-garantizadas category-tours-en-tierra-santa\">\n\t\t\t\t<a class=\"elementor-post__thumbnail__link\" href=\"https:\/\/www.veredgo.com\/es\/tours-en-tierra-santa\/tierra-santa-8-dias-domingo\/\" tabindex=\"-1\" >\n\t\t\t<div class=\"elementor-post__thumbnail\"><img loading=\"lazy\" decoding=\"async\" width=\"300\" height=\"300\" src=\"https:\/\/www.veredgo.com\/es\/wp-content\/uploads\/2023\/02\/circle-320-17-300x300.png\" class=\"attachment-medium size-medium wp-image-16614\" alt=\"\" srcset=\"https:\/\/www.veredgo.com\/es\/wp-content\/uploads\/2023\/02\/circle-320-17-300x300.png 300w, https:\/\/www.veredgo.com\/es\/wp-content\/uploads\/2023\/02\/circle-320-17-150x150.png 150w, https:\/\/www.veredgo.com\/es\/wp-content\/uploads\/2023\/02\/circle-320-17.png 320w\" sizes=\"(max-width: 300px) 100vw, 300px\" \/><\/div>\n\t\t<\/a>\n\t\t\t\t<div class=\"elementor-post__text\">\n\t\t\t\t<h3 class=\"elementor-post__title\">\n\t\t\t<a href=\"https:\/\/www.veredgo.com\/es\/tours-en-tierra-santa\/tierra-santa-8-dias-domingo\/\" >\n\t\t\t\tTierra Santa &#8211; 8 D\u00edas &#8211; Domingo\t\t\t<\/a>\n\t\t<\/h3>\n\t\t\t\t<\/div>\n\t\t\t\t<\/article>\n\t\t\t\t<\/div>\n\t\t\n\t\t\t\t\t\t<\/div>\n\t\t\t\t<\/div>\n\t\t\t\t\t<\/div>\n\t\t<\/div>\n\t\t\t\t\t<\/div>\n\t\t<\/section>\n\t\t\t\t<section class=\"elementor-section elementor-top-section elementor-element elementor-element-186a4f5 elementor-section-boxed elementor-section-height-default elementor-section-height-default\" data-id=\"186a4f5\" data-element_type=\"section\" data-settings=\"{&quot;background_background&quot;:&quot;classic&quot;}\">\n\t\t\t\t\t\t<div class=\"elementor-container elementor-column-gap-default\">\n\t\t\t\t\t<div class=\"elementor-column elementor-col-50 elementor-top-column elementor-element elementor-element-ba7ac76\" data-id=\"ba7ac76\" data-element_type=\"column\">\n\t\t\t<div class=\"elementor-widget-wrap elementor-element-populated\">\n\t\t\t\t\t\t<div class=\"elementor-element elementor-element-6401eb8 elementor-widget elementor-widget-heading\" data-id=\"6401eb8\" data-element_type=\"widget\" data-widget_type=\"heading.default\">\n\t\t\t\t<div class=\"elementor-widget-container\">\n\t\t\t\t\t<h2 class=\"elementor-heading-title elementor-size-default\">Recomendaciones<\/br>\nde Viajeros<\/h2>\t\t\t\t<\/div>\n\t\t\t\t<\/div>\n\t\t\t\t\t<\/div>\n\t\t<\/div>\n\t\t\t\t<div class=\"elementor-column elementor-col-50 elementor-top-column elementor-element elementor-element-c1656e3\" data-id=\"c1656e3\" data-element_type=\"column\">\n\t\t\t<div class=\"elementor-widget-wrap elementor-element-populated\">\n\t\t\t\t\t\t<div class=\"elementor-element elementor-element-69b0699 elementor-widget elementor-widget-text-editor\" data-id=\"69b0699\" data-element_type=\"widget\" data-widget_type=\"text-editor.default\">\n\t\t\t\t<div class=\"elementor-widget-container\">\n\t\t\t\t\t\t\t\t\t<p><span data-contrast=\"auto\">&#8220;Este es mi cuarto viaje a Israel y cada vez est\u00e1 mejor. \u00a1Muchas gracias! Tambi\u00e9n me gustar\u00eda, en nombre de todo nuestro grupo, dar las GRACIAS a nuestro gu\u00eda. Hizo todo lo posible por nuestro grupo y nosotros realmente disfrutamos y apreciamos su vigor y compromiso (es simplemente uno de los mejores).&#8221;<\/span><span data-ccp-props=\"{&quot;201341983&quot;:0,&quot;335559739&quot;:160,&quot;335559740&quot;:259}\">\u00a0<\/span><\/p><p><span data-contrast=\"auto\">\u00a0<\/span><span data-ccp-props=\"{&quot;201341983&quot;:0,&quot;335559739&quot;:160,&quot;335559740&quot;:259}\">\u00a0<\/span><span data-contrast=\"auto\">&#8211; <strong>Jan Botha, Pastor &#8211; Sud\u00e1frica<\/strong><\/span><span data-ccp-props=\"{&quot;201341983&quot;:0,&quot;335559739&quot;:160,&quot;335559740&quot;:259}\">\u00a0<\/span><\/p>\t\t\t\t\t\t\t\t<\/div>\n\t\t\t\t<\/div>\n\t\t\t\t\t<\/div>\n\t\t<\/div>\n\t\t\t\t\t<\/div>\n\t\t<\/section>\n\t\t\t\t<section class=\"elementor-section elementor-top-section elementor-element elementor-element-9503dac elementor-section-boxed elementor-section-height-default elementor-section-height-default\" data-id=\"9503dac\" data-element_type=\"section\" data-settings=\"{&quot;background_background&quot;:&quot;classic&quot;}\">\n\t\t\t\t\t\t<div class=\"elementor-container elementor-column-gap-default\">\n\t\t\t\t\t<div class=\"elementor-column elementor-col-50 elementor-top-column elementor-element elementor-element-08a1dc0\" data-id=\"08a1dc0\" data-element_type=\"column\">\n\t\t\t<div class=\"elementor-widget-wrap elementor-element-populated\">\n\t\t\t\t\t\t<div class=\"elementor-element elementor-element-9298bc1 elementor-widget elementor-widget-heading\" data-id=\"9298bc1\" data-element_type=\"widget\" data-widget_type=\"heading.default\">\n\t\t\t\t<div class=\"elementor-widget-container\">\n\t\t\t\t\t<h2 class=\"elementor-heading-title elementor-size-default\">Cont\u00e1ctenos<\/h2>\t\t\t\t<\/div>\n\t\t\t\t<\/div>\n\t\t\t\t\t<\/div>\n\t\t<\/div>\n\t\t\t\t<div class=\"elementor-column elementor-col-50 elementor-top-column elementor-element elementor-element-694afde\" data-id=\"694afde\" data-element_type=\"column\">\n\t\t\t<div class=\"elementor-widget-wrap elementor-element-populated\">\n\t\t\t\t\t\t<div class=\"elementor-element elementor-element-3f12c58 elementor-button-align-start elementor-widget elementor-widget-global elementor-global-3236 elementor-widget-form\" data-id=\"3f12c58\" data-element_type=\"widget\" data-settings=\"{&quot;step_next_label&quot;:&quot;Next&quot;,&quot;step_previous_label&quot;:&quot;Previous&quot;,&quot;button_width&quot;:&quot;100&quot;,&quot;step_type&quot;:&quot;number_text&quot;,&quot;step_icon_shape&quot;:&quot;circle&quot;}\" data-widget_type=\"form.default\">\n\t\t\t\t<div class=\"elementor-widget-container\">\n\t\t\t\t\t\t\t<form class=\"elementor-form\" method=\"post\" name=\"Contact us veredgo.es footer\">\n\t\t\t<input type=\"hidden\" name=\"post_id\" value=\"14798\"\/>\n\t\t\t<input type=\"hidden\" name=\"form_id\" value=\"3f12c58\"\/>\n\t\t\t<input type=\"hidden\" name=\"referer_title\" value=\"\" \/>\n\n\t\t\t\n\t\t\t<div class=\"elementor-form-fields-wrapper elementor-labels-above\">\n\t\t\t\t\t\t\t\t<div class=\"elementor-field-type-text elementor-field-group elementor-column elementor-field-group-name elementor-col-50\">\n\t\t\t\t\t\t\t\t\t\t\t\t<label for=\"form-field-name\" class=\"elementor-field-label\">\n\t\t\t\t\t\t\t\tNombre Completo\t\t\t\t\t\t\t<\/label>\n\t\t\t\t\t\t\t\t\t\t\t\t\t\t<input size=\"1\" type=\"text\" name=\"form_fields[name]\" id=\"form-field-name\" class=\"elementor-field elementor-size-sm  elementor-field-textual\" placeholder=\"Nombre Completo\">\n\t\t\t\t\t\t\t\t\t\t\t<\/div>\n\t\t\t\t\t\t\t\t<div class=\"elementor-field-type-text elementor-field-group elementor-column elementor-field-group-field_fc4ec84 elementor-col-50\">\n\t\t\t\t\t\t\t\t\t\t\t\t<label for=\"form-field-field_fc4ec84\" class=\"elementor-field-label\">\n\t\t\t\t\t\t\t\tPa\u00eds \t\t\t\t\t\t\t<\/label>\n\t\t\t\t\t\t\t\t\t\t\t\t\t\t<input size=\"1\" type=\"text\" name=\"form_fields[field_fc4ec84]\" id=\"form-field-field_fc4ec84\" class=\"elementor-field elementor-size-sm  elementor-field-textual\" placeholder=\"Pa\u00eds \">\n\t\t\t\t\t\t\t\t\t\t\t<\/div>\n\t\t\t\t\t\t\t\t<div class=\"elementor-field-type-email elementor-field-group elementor-column elementor-field-group-email elementor-col-50 elementor-field-required elementor-mark-required\">\n\t\t\t\t\t\t\t\t\t\t\t\t<label for=\"form-field-email\" class=\"elementor-field-label\">\n\t\t\t\t\t\t\t\tEmail\t\t\t\t\t\t\t<\/label>\n\t\t\t\t\t\t\t\t\t\t\t\t\t\t<input size=\"1\" type=\"email\" name=\"form_fields[email]\" id=\"form-field-email\" class=\"elementor-field elementor-size-sm  elementor-field-textual\" placeholder=\"Email\" required=\"required\" aria-required=\"true\">\n\t\t\t\t\t\t\t\t\t\t\t<\/div>\n\t\t\t\t\t\t\t\t<div class=\"elementor-field-type-number elementor-field-group elementor-column elementor-field-group-field_809f147 elementor-col-50\">\n\t\t\t\t\t\t\t\t\t\t\t\t<label for=\"form-field-field_809f147\" class=\"elementor-field-label\">\n\t\t\t\t\t\t\t\tTel\u00e9fono \t\t\t\t\t\t\t<\/label>\n\t\t\t\t\t\t\t\t\t<input type=\"number\" name=\"form_fields[field_809f147]\" id=\"form-field-field_809f147\" class=\"elementor-field elementor-size-sm  elementor-field-textual\" placeholder=\"Tel\u00e9fono \" min=\"\" max=\"\" >\n\t\t\t\t\t\t<\/div>\n\t\t\t\t\t\t\t\t<div class=\"elementor-field-type-number elementor-field-group elementor-column elementor-field-group-field_18229cf elementor-col-100\">\n\t\t\t\t\t\t\t\t\t\t\t\t<label for=\"form-field-field_18229cf\" class=\"elementor-field-label\">\n\t\t\t\t\t\t\t\tN\u00famero de Pasajeros\t\t\t\t\t\t\t<\/label>\n\t\t\t\t\t\t\t\t\t<input type=\"number\" name=\"form_fields[field_18229cf]\" id=\"form-field-field_18229cf\" class=\"elementor-field elementor-size-sm  elementor-field-textual\" placeholder=\"N\u00famero de Pasajeros\" min=\"\" max=\"\" >\n\t\t\t\t\t\t<\/div>\n\t\t\t\t\t\t\t\t<div class=\"elementor-field-type-textarea elementor-field-group elementor-column elementor-field-group-message elementor-col-100\">\n\t\t\t\t\t\t\t\t\t\t\t\t<label for=\"form-field-message\" class=\"elementor-field-label\">\n\t\t\t\t\t\t\t\tMensaje\t\t\t\t\t\t\t<\/label>\n\t\t\t\t\t\t<textarea class=\"elementor-field-textual elementor-field  elementor-size-sm\" name=\"form_fields[message]\" id=\"form-field-message\" rows=\"4\" placeholder=\"Mensaje\"><\/textarea>\t\t\t\t<\/div>\n\t\t\t\t\t\t\t\t<div class=\"elementor-field-type-acceptance elementor-field-group elementor-column elementor-field-group-field_3b09179 elementor-col-100 elementor-field-required elementor-mark-required\">\n\t\t\t\t\t\t\t<div class=\"elementor-field-subgroup\">\n\t\t\t<span class=\"elementor-field-option\">\n\t\t\t\t<input type=\"checkbox\" name=\"form_fields[field_3b09179]\" id=\"form-field-field_3b09179\" class=\"elementor-field elementor-size-sm  elementor-acceptance-field\" required=\"required\" aria-required=\"true\">\n\t\t\t\t<label for=\"form-field-field_3b09179\">Acepto los t\u00e9rminos y condiciones<\/label>\t\t\t<\/span>\n\t\t<\/div>\n\t\t\t\t\t\t<\/div>\n\t\t\t\t\t\t\t\t<div class=\"elementor-field-type-recaptcha_v3 elementor-field-group elementor-column elementor-field-group-field_66ecc02 elementor-col-100 recaptcha_v3-bottomright\">\n\t\t\t\t\t<div class=\"elementor-field\" id=\"form-field-field_66ecc02\"><div class=\"elementor-g-recaptcha\" data-sitekey=\"6LdsVVElAAAAAFhjRl47YRUgcAU9j73Ti0hWJxGo\" data-type=\"v3\" data-action=\"Form\" data-badge=\"bottomright\" data-size=\"invisible\"><\/div><\/div>\t\t\t\t<\/div>\n\t\t\t\t\t\t\t\t<div class=\"elementor-field-group elementor-column elementor-field-type-submit elementor-col-100 e-form__buttons\">\n\t\t\t\t\t<button class=\"elementor-button elementor-size-sm\" type=\"submit\">\n\t\t\t\t\t\t<span class=\"elementor-button-content-wrapper\">\n\t\t\t\t\t\t\t\t\t\t\t\t\t\t\t<span class=\"elementor-button-icon\">\n\t\t\t\t\t\t\t\t\t<i aria-hidden=\"true\" class=\"far fa-envelope\"><\/i>\t\t\t\t\t\t\t\t\t\t\t\t\t\t\t\t\t<\/span>\n\t\t\t\t\t\t\t\t\t\t\t\t\t\t\t\t\t\t\t\t\t\t<span class=\"elementor-button-text\">Enviar<\/span>\n\t\t\t\t\t\t\t\t\t\t\t\t\t<\/span>\n\t\t\t\t\t<\/button>\n\t\t\t\t<\/div>\n\t\t\t<\/div>\n\t\t<\/form>\n\t\t\t\t\t\t<\/div>\n\t\t\t\t<\/div>\n\t\t\t\t\t<\/div>\n\t\t<\/div>\n\t\t\t\t\t<\/div>\n\t\t<\/section>\n\t\t\t\t<\/div>\n\t\t","protected":false},"excerpt":{"rendered":"<p>Nuestros Tours con Salidas Garantizadas Tours con Salidas garantizados son giras en grupo con fechas de salida predeterminadas para que individuales se unan. Los tours<\/p>\n","protected":false},"author":14,"featured_media":4158,"parent":0,"menu_order":0,"comment_status":"closed","ping_status":"closed","template":"elementor_header_footer","meta":{"inline_featured_image":false,"footnotes":""},"class_list":["post-14798","page","type-page","status-publish","has-post-thumbnail","hentry"],"acf":[],"_links":{"self":[{"href":"https:\/\/www.veredgo.com\/es\/wp-json\/wp\/v2\/pages\/14798","targetHints":{"allow":["GET"]}}],"collection":[{"href":"https:\/\/www.veredgo.com\/es\/wp-json\/wp\/v2\/pages"}],"about":[{"href":"https:\/\/www.veredgo.com\/es\/wp-json\/wp\/v2\/types\/page"}],"author":[{"embeddable":true,"href":"https:\/\/www.veredgo.com\/es\/wp-json\/wp\/v2\/users\/14"}],"replies":[{"embeddable":true,"href":"https:\/\/www.veredgo.com\/es\/wp-json\/wp\/v2\/comments?post=14798"}],"version-history":[{"count":18,"href":"https:\/\/www.veredgo.com\/es\/wp-json\/wp\/v2\/pages\/14798\/revisions"}],"predecessor-version":[{"id":17226,"href":"https:\/\/www.veredgo.com\/es\/wp-json\/wp\/v2\/pages\/14798\/revisions\/17226"}],"wp:featuredmedia":[{"embeddable":true,"href":"https:\/\/www.veredgo.com\/es\/wp-json\/wp\/v2\/media\/4158"}],"wp:attachment":[{"href":"https:\/\/www.veredgo.com\/es\/wp-json\/wp\/v2\/media?parent=14798"}],"curies":[{"name":"wp","href":"https:\/\/api.w.org\/{rel}","templated":true}]}}