{"id":5300,"date":"2016-05-19T10:50:12","date_gmt":"2016-05-19T10:50:12","guid":{"rendered":"http:\/\/www.veredgo.com\/es\/?page_id=3342"},"modified":"2016-05-19T10:50:12","modified_gmt":"2016-05-19T10:50:12","slug":"contactenos","status":"publish","type":"page","link":"https:\/\/www.veredgo.com\/es\/contactenos\/","title":{"rendered":"Cont\u00e1ctenos"},"content":{"rendered":"<p>[av_layerslider id=&#8217;25&#8217;]<\/p>\n<p>[av_heading tag=&#8217;h1&#8242; padding=&#8217;10&#8217; heading=&#8217;Contacto&#8217; color=&#8221; style=&#8221; custom_font=&#8221; size=&#8221; subheading_active=&#8221; subheading_size=&#8217;15&#8217; custom_class=&#8221; admin_preview_bg=&#8221; av-desktop-hide=&#8221; av-medium-hide=&#8221; av-small-hide=&#8221; av-mini-hide=&#8221; av-medium-font-size-title=&#8221; av-small-font-size-title=&#8221; av-mini-font-size-title=&#8221; av-medium-font-size=&#8221; av-small-font-size=&#8221; av-mini-font-size=&#8221;][\/av_heading]<\/p>\n<p>[av_two_fifth first min_height=&#8221; vertical_alignment=&#8221; space=&#8221; custom_margin=&#8221; margin=&#8217;0px&#8217; padding=&#8217;0px&#8217; border=&#8221; border_color=&#8221; radius=&#8217;0px&#8217; background_color=&#8221; src=&#8221; background_position=&#8217;top left&#8217; background_repeat=&#8217;no-repeat&#8217;]<\/p>\n<p>[av_textblock size=&#8221; font_color=&#8221; color=&#8221; av-medium-font-size=&#8221; av-small-font-size=&#8221; av-mini-font-size=&#8221; admin_preview_bg=&#8221;]<br \/>\n[contact-form-7 id=&#8221;11099&#8243; title=&#8221;Contact form 1&#8243;]<br \/>\n[\/av_textblock]<\/p>\n<p>[\/av_two_fifth][av_three_fifth min_height=&#8221; vertical_alignment=&#8221; space=&#8221; custom_margin=&#8221; margin=&#8217;0px&#8217; padding=&#8217;0px&#8217; border=&#8221; border_color=&#8221; radius=&#8217;0px&#8217; background_color=&#8221; src=&#8221; background_position=&#8217;top left&#8217; background_repeat=&#8217;no-repeat&#8217;]<br \/>\n[av_textblock size=&#8221; font_color=&#8221; color=&#8221;]<br \/>\nSi usted est\u00e1 buscando:<\/p>\n<p>* Asistencia y precios para un tour idealmente personalizado para satisfacer las necesidades de su grupo<\/p>\n<p>* Precios para personas que deseen unirse a uno de nuestros emocionantes Tours de Salida Garantizada<\/p>\n<p>* Cualquier otra informaci\u00f3n sobre nuestros tours<\/p>\n<p><strong>CONT\u00c1CTENOS<\/strong> ahora y le ayudaremos con la organizaci\u00f3n de una gira perfecta s\u00f3lo para usted<br \/>\n[\/av_textblock]<br \/>\n[\/av_three_fifth]<\/p>\n<p>[av_textblock size=&#8221; font_color=&#8221; color=&#8221;]<\/p>\n<p style=\"text-align: left\">Una vez se haya contactado con nosotros, autom\u00e1ticamente ser\u00e1 a\u00f1adido a nuestra lista de correos para recibir nuestro bolet\u00edn de noticias.<\/p>\n<p>[\/av_textblock]<\/p>\n","protected":false},"excerpt":{"rendered":"<p>[av_layerslider id=&#8217;25&#8217;] [av_heading tag=&#8217;h1&#8242; padding=&#8217;10&#8217; heading=&#8217;Contacto&#8217; color=&#8221; style=&#8221; custom_font=&#8221; size=&#8221; subheading_active=&#8221; subheading_size=&#8217;15&#8217; custom_class=&#8221; admin_preview_bg=&#8221; av-desktop-hide=&#8221; av-medium-hide=&#8221; av-small-hide=&#8221; av-mini-hide=&#8221; av-medium-font-size-title=&#8221; av-small-font-size-title=&#8221; av-mini-font-size-title=&#8221; av-medium-font-size=&#8221; av-small-font-size=&#8221; av-mini-font-size=&#8221;][\/av_heading] [av_two_fifth first min_height=&#8221; vertical_alignment=&#8221; space=&#8221; custom_margin=&#8221; margin=&#8217;0px&#8217; padding=&#8217;0px&#8217; border=&#8221; border_color=&#8221; radius=&#8217;0px&#8217; background_color=&#8221; src=&#8221; background_position=&#8217;top left&#8217; background_repeat=&#8217;no-repeat&#8217;] [av_textblock size=&#8221; font_color=&#8221; color=&#8221; av-medium-font-size=&#8221; av-small-font-size=&#8221; av-mini-font-size=&#8221; admin_preview_bg=&#8221;] [contact-form-7 id=&#8221;11099&#8243; title=&#8221;Contact form 1&#8243;] [\/av_textblock] [\/av_two_fifth][av_three_fifth [&hellip;]<\/p>\n","protected":false},"author":14,"featured_media":0,"parent":0,"menu_order":0,"comment_status":"closed","ping_status":"closed","template":"","meta":{"inline_featured_image":false,"footnotes":""},"class_list":["post-5300","page","type-page","status-publish","hentry"],"acf":[],"_links":{"self":[{"href":"https:\/\/www.veredgo.com\/es\/wp-json\/wp\/v2\/pages\/5300","targetHints":{"allow":["GET"]}}],"collection":[{"href":"https:\/\/www.veredgo.com\/es\/wp-json\/wp\/v2\/pages"}],"about":[{"href":"https:\/\/www.veredgo.com\/es\/wp-json\/wp\/v2\/types\/page"}],"author":[{"embeddable":true,"href":"https:\/\/www.veredgo.com\/es\/wp-json\/wp\/v2\/users\/14"}],"replies":[{"embeddable":true,"href":"https:\/\/www.veredgo.com\/es\/wp-json\/wp\/v2\/comments?post=5300"}],"version-history":[{"count":1,"href":"https:\/\/www.veredgo.com\/es\/wp-json\/wp\/v2\/pages\/5300\/revisions"}],"predecessor-version":[{"id":18463,"href":"https:\/\/www.veredgo.com\/es\/wp-json\/wp\/v2\/pages\/5300\/revisions\/18463"}],"wp:attachment":[{"href":"https:\/\/www.veredgo.com\/es\/wp-json\/wp\/v2\/media?parent=5300"}],"curies":[{"name":"wp","href":"https:\/\/api.w.org\/{rel}","templated":true}]}}